{"id":22,"date":"2014-09-25T09:50:40","date_gmt":"2014-09-25T09:50:40","guid":{"rendered":"http:\/\/iict-space.heig-vd.ch\/nfi\/?page_id=22"},"modified":"2020-06-16T12:25:58","modified_gmt":"2020-06-16T12:25:58","slug":"teaching","status":"publish","type":"page","link":"http:\/\/iict-space.heig-vd.ch\/nfi\/teaching\/","title":{"rendered":"Teaching"},"content":{"rendered":"<p class=\"p1\"><span class=\"s1\">I am teaching the following courses:<\/span><\/p>\n<ul>\n<li class=\"li1\"><span class=\"s1\"><a href=\"https:\/\/cyberlearn.hes-so.ch\/enrol\/index.php?id=7404\">Bases de donn\u00e9es relationnelles <\/a>(Bachelor HEIG-VD)<\/span><\/li>\n<li class=\"li1\"><span class=\"s1\"><a href=\"https:\/\/cyberlearn.hes-so.ch\/course\/view.php?id=14944\">Programmation appliqu\u00e9e en Scala<\/a> (BachelorHEIG-VD)<\/span><\/li>\n<li><a href=\"https:\/\/cyberlearn.hes-so.ch\/course\/view.php?id=13833\">M\u00e9thodes d&#8217;acc\u00e8s aux donn\u00e9es<\/a> <span class=\"s1\">(BachelorHEIG-VD)<\/span><\/li>\n<li class=\"li1\"><span class=\"s1\"><a href=\"https:\/\/moodle.msengineering.ch\/course\/view.php?id=1365\" target=\"_blank\" rel=\"noopener noreferrer\">Analyse des donn\u00e9es Big Data <\/a>(Master HES-SO)\u00a0<\/span><\/li>\n<li class=\"li1\"><span class=\"s1\"><a href=\"https:\/\/moodle.msengineering.ch\/course\/view.php?id=949\">Recherche d&#8217;informations et data mining<\/a> (Master HES-SO)\u00a0<\/span><\/li>\n<\/ul>\n<p>Courses I have tought in the past:<\/p>\n<ul>\n<li><span class=\"s1\">Principles of Compiler Construction (Bachelor HEIG-VD)<\/span><\/li>\n<li><span class=\"s1\">Information Retrieval (Bachelor HEIG-VD)<\/span><\/li>\n<li><span class=\"s1\">Web Mining\u00a0(Master HES-SO)\u00a0<\/span><\/li>\n<\/ul>\n","protected":false},"excerpt":{"rendered":"<p>I am teaching the following courses: Bases de donn\u00e9es relationnelles (Bachelor HEIG-VD) Programmation appliqu\u00e9e en Scala (BachelorHEIG-VD) M\u00e9thodes d&#8217;acc\u00e8s aux donn\u00e9es (BachelorHEIG-VD) Analyse des donn\u00e9es Big Data (Master HES-SO)\u00a0 Recherche d&#8217;informations et data mining (Master HES-SO)\u00a0 Courses I have tought <a class=\"more-link\" href=\"http:\/\/iict-space.heig-vd.ch\/nfi\/teaching\/\">Continue reading <span class=\"screen-reader-text\">  Teaching<\/span><span class=\"meta-nav\">&rarr;<\/span><\/a><\/p>\n","protected":false},"author":9,"featured_media":0,"parent":0,"menu_order":0,"comment_status":"closed","ping_status":"open","template":"","meta":[],"_links":{"self":[{"href":"http:\/\/iict-space.heig-vd.ch\/nfi\/wp-json\/wp\/v2\/pages\/22"}],"collection":[{"href":"http:\/\/iict-space.heig-vd.ch\/nfi\/wp-json\/wp\/v2\/pages"}],"about":[{"href":"http:\/\/iict-space.heig-vd.ch\/nfi\/wp-json\/wp\/v2\/types\/page"}],"author":[{"embeddable":true,"href":"http:\/\/iict-space.heig-vd.ch\/nfi\/wp-json\/wp\/v2\/users\/9"}],"replies":[{"embeddable":true,"href":"http:\/\/iict-space.heig-vd.ch\/nfi\/wp-json\/wp\/v2\/comments?post=22"}],"version-history":[{"count":17,"href":"http:\/\/iict-space.heig-vd.ch\/nfi\/wp-json\/wp\/v2\/pages\/22\/revisions"}],"predecessor-version":[{"id":213,"href":"http:\/\/iict-space.heig-vd.ch\/nfi\/wp-json\/wp\/v2\/pages\/22\/revisions\/213"}],"wp:attachment":[{"href":"http:\/\/iict-space.heig-vd.ch\/nfi\/wp-json\/wp\/v2\/media?parent=22"}],"curies":[{"name":"wp","href":"https:\/\/api.w.org\/{rel}","templated":true}]}}