{"id":6,"date":"2014-10-27T09:34:48","date_gmt":"2014-10-27T09:34:48","guid":{"rendered":"http:\/\/iict-space.heig-vd.ch\/jer\/?page_id=6"},"modified":"2014-10-27T09:42:50","modified_gmt":"2014-10-27T09:42:50","slug":"enseignements","status":"publish","type":"page","link":"http:\/\/iict-space.heig-vd.ch\/jer\/enseignements\/","title":{"rendered":"Enseignements"},"content":{"rendered":"<p>Enseigne les cours suivants:<\/p>\n<ul>\n<li>TIB: T\u00e9l\u00e9informatique de base<\/li>\n<li>PDA: Protocoles d&#8217;applications, partie VoIP<\/li>\n<li>PSE: Protocoles de r\u00e9seau et s\u00e9curit\u00e9<\/li>\n<li>MAR: Mat\u00e9riel de r\u00e9seaux<\/li>\n<li>PQS: Performances et Qualit\u00e9 de Service des r\u00e9seaux d&#8217;ordinateurs<\/li>\n<\/ul>\n","protected":false},"excerpt":{"rendered":"<p>Enseigne les cours suivants: TIB: T\u00e9l\u00e9informatique de base PDA: Protocoles d&#8217;applications, partie VoIP PSE: Protocoles de r\u00e9seau et s\u00e9curit\u00e9 MAR: Mat\u00e9riel de r\u00e9seaux PQS: Performances et Qualit\u00e9 de Service des r\u00e9seaux d&#8217;ordinateurs<\/p>\n","protected":false},"author":1,"featured_media":0,"parent":0,"menu_order":0,"comment_status":"closed","ping_status":"closed","template":"","meta":[],"_links":{"self":[{"href":"http:\/\/iict-space.heig-vd.ch\/jer\/wp-json\/wp\/v2\/pages\/6"}],"collection":[{"href":"http:\/\/iict-space.heig-vd.ch\/jer\/wp-json\/wp\/v2\/pages"}],"about":[{"href":"http:\/\/iict-space.heig-vd.ch\/jer\/wp-json\/wp\/v2\/types\/page"}],"author":[{"embeddable":true,"href":"http:\/\/iict-space.heig-vd.ch\/jer\/wp-json\/wp\/v2\/users\/1"}],"replies":[{"embeddable":true,"href":"http:\/\/iict-space.heig-vd.ch\/jer\/wp-json\/wp\/v2\/comments?post=6"}],"version-history":[{"count":1,"href":"http:\/\/iict-space.heig-vd.ch\/jer\/wp-json\/wp\/v2\/pages\/6\/revisions"}],"predecessor-version":[{"id":7,"href":"http:\/\/iict-space.heig-vd.ch\/jer\/wp-json\/wp\/v2\/pages\/6\/revisions\/7"}],"wp:attachment":[{"href":"http:\/\/iict-space.heig-vd.ch\/jer\/wp-json\/wp\/v2\/media?parent=6"}],"curies":[{"name":"wp","href":"https:\/\/api.w.org\/{rel}","templated":true}]}}