{"id":45,"date":"2016-02-22T12:51:25","date_gmt":"2016-02-22T11:51:25","guid":{"rendered":"http:\/\/iict-space.heig-vd.ch\/jer\/?page_id=45"},"modified":"2018-03-06T13:34:30","modified_gmt":"2018-03-06T12:34:30","slug":"transparents","status":"publish","type":"page","link":"http:\/\/iict-space.heig-vd.ch\/jer\/enseignements\/tib\/transparents\/","title":{"rendered":"Transparents"},"content":{"rendered":"<p>Sur cette page, vous trouvez les transparents du cours.<\/p>\n<p>Transparents:\u00a0<a href=\"http:\/\/iict-space.heig-vd.ch\/jer\/wp-content\/uploads\/sites\/4\/2016\/02\/0-Organisation.pdf\">Organisation du cours<\/a><\/p>\n<p><strong>Chapitres<\/strong><\/p>\n<ol>\n<li><a href=\"http:\/\/iict-space.heig-vd.ch\/jer\/wp-content\/uploads\/sites\/4\/2016\/02\/1-Introduction.pdf\">Introduction<\/a><\/li>\n<li><a href=\"http:\/\/iict-space.heig-vd.ch\/jer\/wp-content\/uploads\/sites\/4\/2016\/02\/2-Reseaux-informatiques.pdf\">R\u00e9seaux informatiques<\/a><\/li>\n<li><a href=\"http:\/\/iict-space.heig-vd.ch\/jer\/wp-content\/uploads\/sites\/4\/2018\/03\/3-Modeles-de-reference.pdf\">Mod\u00e8les de r\u00e9f\u00e9rence<\/a><\/li>\n<li><a href=\"http:\/\/iict-space.heig-vd.ch\/jer\/wp-content\/uploads\/sites\/4\/2016\/02\/4-LAN.pdf\">LAN<\/a><\/li>\n<li><a href=\"http:\/\/iict-space.heig-vd.ch\/jer\/wp-content\/uploads\/sites\/4\/2016\/02\/5-Reseaux-IP.pdf\">R\u00e9seaux IP<\/a><\/li>\n<li><a href=\"http:\/\/iict-space.heig-vd.ch\/jer\/wp-content\/uploads\/sites\/4\/2016\/02\/6-Routage.pdf\">Routage<\/a><\/li>\n<li><a href=\"http:\/\/iict-space.heig-vd.ch\/jer\/wp-content\/uploads\/sites\/4\/2016\/02\/7-TCP-et-UDP.pdf\">TCP et UDP<\/a><\/li>\n<li><a href=\"http:\/\/iict-space.heig-vd.ch\/jer\/wp-content\/uploads\/sites\/4\/2016\/02\/8-IPv6.pdf\">IPv6<\/a><\/li>\n<li><a href=\"http:\/\/iict-space.heig-vd.ch\/jer\/wp-content\/uploads\/sites\/4\/2016\/02\/10-Wifi.pdf\">WiFi<\/a><\/li>\n<\/ol>\n","protected":false},"excerpt":{"rendered":"<p>Sur cette page, vous trouvez les transparents du cours. Transparents:\u00a0Organisation du cours Chapitres Introduction R\u00e9seaux informatiques Mod\u00e8les de r\u00e9f\u00e9rence LAN R\u00e9seaux IP Routage TCP et UDP IPv6 WiFi<\/p>\n","protected":false},"author":6,"featured_media":0,"parent":15,"menu_order":1,"comment_status":"closed","ping_status":"closed","template":"","meta":[],"_links":{"self":[{"href":"http:\/\/iict-space.heig-vd.ch\/jer\/wp-json\/wp\/v2\/pages\/45"}],"collection":[{"href":"http:\/\/iict-space.heig-vd.ch\/jer\/wp-json\/wp\/v2\/pages"}],"about":[{"href":"http:\/\/iict-space.heig-vd.ch\/jer\/wp-json\/wp\/v2\/types\/page"}],"author":[{"embeddable":true,"href":"http:\/\/iict-space.heig-vd.ch\/jer\/wp-json\/wp\/v2\/users\/6"}],"replies":[{"embeddable":true,"href":"http:\/\/iict-space.heig-vd.ch\/jer\/wp-json\/wp\/v2\/comments?post=45"}],"version-history":[{"count":17,"href":"http:\/\/iict-space.heig-vd.ch\/jer\/wp-json\/wp\/v2\/pages\/45\/revisions"}],"predecessor-version":[{"id":181,"href":"http:\/\/iict-space.heig-vd.ch\/jer\/wp-json\/wp\/v2\/pages\/45\/revisions\/181"}],"up":[{"embeddable":true,"href":"http:\/\/iict-space.heig-vd.ch\/jer\/wp-json\/wp\/v2\/pages\/15"}],"wp:attachment":[{"href":"http:\/\/iict-space.heig-vd.ch\/jer\/wp-json\/wp\/v2\/media?parent=45"}],"curies":[{"name":"wp","href":"https:\/\/api.w.org\/{rel}","templated":true}]}}