{"id":22,"date":"2014-09-25T09:50:40","date_gmt":"2014-09-25T09:50:40","guid":{"rendered":"http:\/\/iict-space.heig-vd.ch\/dbe\/?page_id=22"},"modified":"2014-10-27T10:10:47","modified_gmt":"2014-10-27T10:10:47","slug":"teaching","status":"publish","type":"page","link":"http:\/\/iict-space.heig-vd.ch\/dbe\/teaching\/","title":{"rendered":"Teaching"},"content":{"rendered":"<p><strong>Bachelor Courses<\/strong><\/p>\n<ul>\n<li>Applications est Services Internet<\/li>\n<li><a style=\"color: #1982d1;\" title=\"Mat\u00e9riel r\u00e9seaux\" href=\"http:\/\/iict-space.heig-vd.ch\/dbe\/teaching\/materiel-reseaux\/\">Mat\u00e9riel de R\u00e9seau<\/a><\/li>\n<li><a style=\"color: #1982d1;\" title=\"Science Fiction et Technologie\" href=\"http:\/\/iict-space.heig-vd.ch\/dbe\/teaching\/science-fiction-et-technologie\/\">Science Fiction et Technologie<\/a><\/li>\n<li>Transmission Sans Fil<\/li>\n<li>Communications Sans Fil et R\u00e9seaux d\u2019Entreprise<\/li>\n<li>Wireless Security<\/li>\n<li>R\u00e9seaux<\/li>\n<\/ul>\n<p><strong>Postgraduate Courses<\/strong><\/p>\n<ul>\n<li>R\u00e9seaux d\u2019entreprises avanc\u00e9s 1<\/li>\n<li>R\u00e9seaux sans fils (Wireless LAN)<\/li>\n<\/ul>\n","protected":false},"excerpt":{"rendered":"<p>Bachelor Courses Applications est Services Internet Mat\u00e9riel de R\u00e9seau Science Fiction et Technologie Transmission Sans Fil Communications Sans Fil et R\u00e9seaux d\u2019Entreprise Wireless Security R\u00e9seaux Postgraduate Courses R\u00e9seaux d\u2019entreprises avanc\u00e9s 1 R\u00e9seaux sans fils (Wireless LAN)<\/p>\n","protected":false},"author":2,"featured_media":0,"parent":0,"menu_order":0,"comment_status":"closed","ping_status":"open","template":"","meta":[],"_links":{"self":[{"href":"http:\/\/iict-space.heig-vd.ch\/dbe\/wp-json\/wp\/v2\/pages\/22"}],"collection":[{"href":"http:\/\/iict-space.heig-vd.ch\/dbe\/wp-json\/wp\/v2\/pages"}],"about":[{"href":"http:\/\/iict-space.heig-vd.ch\/dbe\/wp-json\/wp\/v2\/types\/page"}],"author":[{"embeddable":true,"href":"http:\/\/iict-space.heig-vd.ch\/dbe\/wp-json\/wp\/v2\/users\/2"}],"replies":[{"embeddable":true,"href":"http:\/\/iict-space.heig-vd.ch\/dbe\/wp-json\/wp\/v2\/comments?post=22"}],"version-history":[{"count":6,"href":"http:\/\/iict-space.heig-vd.ch\/dbe\/wp-json\/wp\/v2\/pages\/22\/revisions"}],"predecessor-version":[{"id":47,"href":"http:\/\/iict-space.heig-vd.ch\/dbe\/wp-json\/wp\/v2\/pages\/22\/revisions\/47"}],"wp:attachment":[{"href":"http:\/\/iict-space.heig-vd.ch\/dbe\/wp-json\/wp\/v2\/media?parent=22"}],"curies":[{"name":"wp","href":"https:\/\/api.w.org\/{rel}","templated":true}]}}