{"id":247,"date":"2016-07-25T13:45:39","date_gmt":"2016-07-25T13:45:39","guid":{"rendered":"http:\/\/iict-space.heig-vd.ch\/cpn\/?page_id=247"},"modified":"2022-06-14T17:14:25","modified_gmt":"2022-06-14T15:14:25","slug":"projects","status":"publish","type":"page","link":"http:\/\/iict-space.heig-vd.ch\/cpn\/ci4cb\/projects\/","title":{"rendered":"Projects"},"content":{"rendered":"<p><span style=\"color: #ff6600\"><strong>Current projects<\/strong> (click for more details):<\/span><\/p>\n<table>\n<tbody>\n<tr>\n<td style=\"width: 385px;vertical-align: top\"><b><a href=\"http:\/\/iict-space.heig-vd.ch\/cpn\/imptox\/\"><span style=\"color: #1660c7\">IMPOTX<\/span><\/a><br \/>\n<\/b><\/p>\n<p style=\"text-align: center\"><span class=\"Apple-converted-space\">\u00a0A<\/span>n innovative analytical platform to investigate the effect and toxicity of micro and nano plastics combined with environmental contaminants on the risk of allergic disease in preclinical and clinical studies.<\/p>\n<p style=\"text-align: center\">\n<\/td>\n<td style=\"vertical-align: top\"><a href=\"http:\/\/iict-space.heig-vd.ch\/cpn\/ci4cb\/projects\/explain\/\"><b><span style=\"color: #1660c7\">EXPLaiN<\/span><br \/>\n<\/b><\/a><\/p>\n<p style=\"text-align: center\">Ethical and Legal issues of Mobile Health\u2010Data \u2013 Improving understanding and eXPlainability of digitaL<br \/>\ntransformAtion and data technologies using artificial IntelligeNce.<\/p>\n<\/td>\n<\/tr>\n<tr>\n<td style=\"vertical-align: top\"><\/td>\n<td style=\"width: 385px;vertical-align: top\"><\/td>\n<\/tr>\n<\/tbody>\n<\/table>\n<p><span style=\"color: #ff6600\">Completed projects:<\/span><\/p>\n<ol>\n<li><span style=\"color: #0f7ecf\"><b><a style=\"color: #0f7ecf\" href=\"http:\/\/iict-space.heig-vd.ch\/cpn\/ci4cb\/projects\/perphect\/\">PERPHECT<\/a>:\u00a0<\/b><span style=\"color: #000000\">Deep Generative Networks for Bacteriophage Genetic Edition. December 2019 &#8211; novembre 2021. Funding: SNF \u2013 Swiss National Science Foundation &#8211; Program <a href=\"http:\/\/www.snf.ch\/en\/funding\/programmes\/spark\/Pages\/default.aspx\">Spark<\/a><\/span><\/span><\/li>\n<li><span style=\"color: #0f7ecf\"><span style=\"color: #0f7ecf\"><a style=\"color: #0f7ecf\" href=\"http:\/\/iict-space.heig-vd.ch\/cpn\/ci4cb\/projects\/maldives\/\"><strong>MALDIVES<\/strong><\/a><strong>:<\/strong>\u00a0<\/span><\/span><span style=\"font-size: 15px\"><span style=\"font-size: 15px\">Machine Learning DIagnostic Sol. 2017 &#8211; 2019.\u00a0<\/span><\/span><span style=\"font-size: 15px\">Funding:\u00a0HES-SO. In collaboration with <\/span><a style=\"font-size: 15px\" href=\"https:\/\/people.hes-so.ch\/de\/profile\/thierry.heger\">Changins.<\/a><\/li>\n<li><em><strong><a href=\"http:\/\/iict-space.heig-vd.ch\/cpn\/ci4cb\/projects\/inphinity\/\">INPHINITY<\/a><\/strong>:<\/em> Method for extracting rules from\u00a0Deep Neural Networks. July\u00a02016 &#8211; December 2020. Funding: SNF \u2013 Swiss National Science Foundation -Interdisciplinary project. In collaboration with <a href=\"https:\/\/applicationspub.unil.ch\/interpub\/noauth\/php\/Un\/UnPers.php?PerNum=33215&amp;LanCode=37\">UNIL<\/a> &amp; <a href=\"http:\/\/www.intensivmedizin.insel.ch\/en\/research\/research-groups\/forschungsgruppe-que-englisch\"><em>Inselspital<\/em><\/a><\/li>\n<li><span lang=\"en-GB\"><a href=\"http:\/\/iict-space.heig-vd.ch\/cpn\/ci4cb\/projects\/fishguard\/\"><strong><em>FISHGUARD<\/em><\/strong><\/a>: a fast, cost-effective, user-friendly and in-field screening test. April 2015 \u2013 March 2018. Funding: European Eurostars-2 program. In collaboration with <a href=\"http:\/\/bioscientia.pl\/\">BioScientia<\/a> &amp; <a href=\"http:\/\/biotem.fr\/\">BIOTEM<\/a><\/span><\/li>\n<li><span lang=\"en-GB\"><a href=\"http:\/\/iict-space.heig-vd.ch\/cpn\/ci4cb\/projects\/d-rex\/\"><strong><em>D-rex<\/em><\/strong><\/a>: Deep Rule EXtraction. March 2016 \u2013 August 2017. Funding: <a href=\"https:\/\/haslerstiftung.ch\/fr\/bienvenue-a-la-fondation-hasler\/\">hasler Foundation<\/a>.<\/span><\/li>\n<li><a href=\"http:\/\/iict-space.heig-vd.ch\/cpn\/ci4cb\/projects\/boss-explorer\/\"><strong><em>BOSS Explorer<\/em><\/strong><\/a>: Development and integration of new methods for exploration, selection, and visualization of diagnostic signatures. January 2016 &#8211; December 2016. National Funding: CTI Agency. In collaboration with <a href=\"http:\/\/www.simplicitybio.com\">SimplicityBio Sa<\/a><\/li>\n<li><span lang=\"en-GB\"><span style=\"color: #0f7ecf\"><strong><em>HP-FuzzyBio<\/em><\/strong>:<\/span> High-peformance Pipeline for Fuzzy Modelling in Bioinformatics. 2013-2014. National Funding: RCSO. In collaboration with Hepia (Geneva University of Applied Sciences)<\/span><\/li>\n<li><span lang=\"en-GB\"><span style=\"color: #0f7ecf\"><strong><em>DiagnoSuite<\/em><\/strong>:<\/span> Suite of data analysis and data management tools for discovering, developing, deploying, and exploiting biomarker-based diagnostic screening tests. 2013-2014. National Funding: CTI Agency. In collaboration with Diagnoplex SA, Epalinges, Switzerland.<\/span><\/li>\n<li><span lang=\"en-GB\"><span style=\"color: #0f7ecf\"><strong><em>nanoFUGE<\/em><\/strong>:<\/span> FUzzy modelling Gene-Expression data from Nanostring technology. 2010-2014. National Funding: SNSF Project. In collaboration with the University of Geneva and the University Hospitals of Geneva. In the frame of the SNSF Project \u201cLeukaemia diagnosis using Nanotechnology\u201d.<\/span><\/li>\n<li><span lang=\"en-GB\"><span style=\"color: #0f7ecf\"><strong><em>ISyPeM<\/em><\/strong>:<\/span> Intelligent Integrated Systems for Personalized Medicine. 2010-2013. National Funding: Nano-Tera Initiative. Member of a large consortium of several Swiss universities.<\/span><\/li>\n<li><span lang=\"en-GB\"><a href=\"http:\/\/iict.heig-vd.ch\/projets#\/5\/tic4agro-linformatique-au-service-de-lagriculture\"><strong>TIC4AGRO<\/strong><\/a>: Revealing new opportunities for small-scale fruit growers in Colombia by harnessing time in a collaborative site-specific agricultural setup. 2012. National funding: KFH Agency.<\/span><\/li>\n<li><span lang=\"en-GB\"><span style=\"color: #0f7ecf\"><em><strong>Smart Building<\/strong>:<\/em><\/span>\u00a0Syst\u00e8me de gestion \u00e9nerg\u00e9tique des b\u00e2timents bas\u00e9 sur des techniques d&#8217;intelligence artificielle (System for energetic management of buildings based on artificial intelligence). 2010-2012. National funding: RCSO. In collaboration with Fribourg University of Applied Sciences.<\/span><\/li>\n<li><span lang=\"en-GB\"><span style=\"color: #0f7ecf\"><strong><em>PharMEA<\/em><\/strong>:<\/span> Multi-Electrode Array technology based platform for industrial pharmacology and toxicology drug screening. 2009-2011. European Funding: FP7 European project, Research for SMEs instrument. In collaboration with a consortium of several European universities and SMEs.<\/span><\/li>\n<li><span lang=\"en-GB\"><span style=\"color: #0f7ecf\"><em><strong>HiperBio<\/strong>:<\/em><\/span>\u00a0High-performance reconfigurable computing toolset and development methodology for bioinformatics and computational biology applications. 2009-2010. National funding: RCSO.<\/span><\/li>\n<li><span lang=\"en-GB\"><span style=\"color: #0f7ecf\"><strong><em>NavMedia<\/em><\/strong>:<\/span> Navigation and exploration of self-organized business media. 2008-2009. National Funding: CTI Agency. In collaboration with the Ipseit\u00e9 SA, Ecublens, Switzerland.<\/span><\/li>\n<li><span lang=\"en-GB\"><span style=\"color: #0f7ecf\"><strong><em>MyDeskPerso<\/em><\/strong>:<\/span> Moteur de personnalit\u00e9 artificielle pour le robot-jouet Mydeskfriend. 2008-2009. National Funding: CTI Agency. In collaboration with Arimaz SA, Renens, Switzerland.<\/span><\/li>\n<li>\n<p lang=\"fr-FR\"><span lang=\"en-GB\"><span style=\"color: #0f7ecf\"><strong><em>FASTPricer<\/em><\/strong>:<\/span> FPGA-based Accelerating Solution for Parallel Synthetic CDO Pricer. 2008-2009. National Funding: CTI Agency. In collaboration with Risk Metrics Group and IOxOS Technologies, Switzerland.<\/span><\/p>\n<\/li>\n<\/ol>\n","protected":false},"excerpt":{"rendered":"<p>Current projects (click for more details): IMPOTX \u00a0An innovative analytical platform to investigate the effect and toxicity of micro and nano plastics combined with environmental contaminants on the risk of allergic disease in preclinical and clinical studies. EXPLaiN Ethical and <a class=\"more-link\" href=\"http:\/\/iict-space.heig-vd.ch\/cpn\/ci4cb\/projects\/\">Continue reading <span class=\"screen-reader-text\">  Projects<\/span><span class=\"meta-nav\">&rarr;<\/span><\/a><\/p>\n","protected":false},"author":13,"featured_media":0,"parent":235,"menu_order":2,"comment_status":"closed","ping_status":"closed","template":"page-fullwidth.php","meta":[],"_links":{"self":[{"href":"http:\/\/iict-space.heig-vd.ch\/cpn\/wp-json\/wp\/v2\/pages\/247"}],"collection":[{"href":"http:\/\/iict-space.heig-vd.ch\/cpn\/wp-json\/wp\/v2\/pages"}],"about":[{"href":"http:\/\/iict-space.heig-vd.ch\/cpn\/wp-json\/wp\/v2\/types\/page"}],"author":[{"embeddable":true,"href":"http:\/\/iict-space.heig-vd.ch\/cpn\/wp-json\/wp\/v2\/users\/13"}],"replies":[{"embeddable":true,"href":"http:\/\/iict-space.heig-vd.ch\/cpn\/wp-json\/wp\/v2\/comments?post=247"}],"version-history":[{"count":33,"href":"http:\/\/iict-space.heig-vd.ch\/cpn\/wp-json\/wp\/v2\/pages\/247\/revisions"}],"predecessor-version":[{"id":1406,"href":"http:\/\/iict-space.heig-vd.ch\/cpn\/wp-json\/wp\/v2\/pages\/247\/revisions\/1406"}],"up":[{"embeddable":true,"href":"http:\/\/iict-space.heig-vd.ch\/cpn\/wp-json\/wp\/v2\/pages\/235"}],"wp:attachment":[{"href":"http:\/\/iict-space.heig-vd.ch\/cpn\/wp-json\/wp\/v2\/media?parent=247"}],"curies":[{"name":"wp","href":"https:\/\/api.w.org\/{rel}","templated":true}]}}