{"id":22,"date":"2014-09-25T09:50:40","date_gmt":"2014-09-25T09:50:40","guid":{"rendered":"http:\/\/iict-space.heig-vd.ch\/apu\/?page_id=22"},"modified":"2025-09-17T14:58:24","modified_gmt":"2025-09-17T14:58:24","slug":"teaching","status":"publish","type":"page","link":"http:\/\/iict-space.heig-vd.ch\/apu\/teaching\/","title":{"rendered":"Courses (since 2018)"},"content":{"rendered":"<p>Courses that I created are marked with stars (\u2605 for 100%, <span lang=\"en\">\u2606 for 50%)<\/span>.<\/p>\n<p><strong>Bachelor Courses: <a href=\"https:\/\/heig-vd.ch\/formations\/bachelor\/filieres\/informatique\">Computer science and communication systems (ISC)<\/a><br \/><\/strong><\/p>\n<ul>\n<li>Informatique 2 (INF2) &#8211; 1st year<\/li>\n<li>Bases de la programmation (PRG1) &#8211; 1st year<\/li>\n<li>Algorithmes et structures de donn\u00e9es 2 (ASD2) &#8211; 2nd year<\/li>\n<li>Probabilit\u00e9s et statistiques (PST) &#8211; 2nd year<\/li>\n<li>Pr\u00e9paration et caract\u00e9risation des donn\u00e9es (PCD) &#8211; 2nd year \u2605<\/li>\n<li>Gouvernance des donn\u00e9es (GOD) &#8211; 2nd year \u2605<\/li>\n<li>Apprentissage non supervis\u00e9 (APN) &#8211; 3rd year <span lang=\"en\">\u2606<\/span><\/li>\n<li>Informatique d\u00e9cisionnelle (BUI) &#8211; 3rd year \u2605<\/li>\n<li>Traitement automatique des langues (TAL) &#8211; 3rd year \u2605<\/li>\n<\/ul>\n<p><strong>Master Course: <a href=\"https:\/\/www.msengineering.ch\/fr\/home.html\">MSc in Engineering at HES-SO<\/a><br \/><\/strong><\/p>\n<ul>\n<li>Advanced Natural Language Processing (AdvNLP, head of module group) <span lang=\"en\">\u2606<\/span><\/li>\n<li>Analysis of Text Data (TSM AnTeDe, head of module group) <span lang=\"en\">\u2606<\/span><\/li>\n<\/ul>\n<p><strong>Doctoral Course: EPFL <a href=\"https:\/\/phd.epfl.ch\/edee\">EDEE<\/a> and other doctoral programs<\/strong><\/p>\n<ul>\n<li><a href=\"https:\/\/edu.epfl.ch\/coursebook\/en\/human-language-technology-applications-to-information-access-EE-724?\">Human Language Technology &#8211; Applications to Information Access<\/a> \u2605<\/li>\n<\/ul>\n\n\n<p><a href=\"http:\/\/iict-space.heig-vd.ch\/apu\/wp-admin\/edit.php?post_type=page\"><\/a><\/p>\n","protected":false},"excerpt":{"rendered":"<p>Courses that I created are marked with stars (\u2605 for 100%, \u2606 for 50%). Bachelor Courses: Computer science and communication systems (ISC) Informatique 2 (INF2) &#8211; 1st year Bases de la programmation (PRG1) &#8211; 1st year Algorithmes et structures de <a class=\"more-link\" href=\"http:\/\/iict-space.heig-vd.ch\/apu\/teaching\/\">Continue reading <span class=\"screen-reader-text\">  Courses (since 2018)<\/span><span class=\"meta-nav\">&rarr;<\/span><\/a><\/p>\n","protected":false},"author":2,"featured_media":0,"parent":0,"menu_order":0,"comment_status":"closed","ping_status":"open","template":"","meta":[],"_links":{"self":[{"href":"http:\/\/iict-space.heig-vd.ch\/apu\/wp-json\/wp\/v2\/pages\/22"}],"collection":[{"href":"http:\/\/iict-space.heig-vd.ch\/apu\/wp-json\/wp\/v2\/pages"}],"about":[{"href":"http:\/\/iict-space.heig-vd.ch\/apu\/wp-json\/wp\/v2\/types\/page"}],"author":[{"embeddable":true,"href":"http:\/\/iict-space.heig-vd.ch\/apu\/wp-json\/wp\/v2\/users\/2"}],"replies":[{"embeddable":true,"href":"http:\/\/iict-space.heig-vd.ch\/apu\/wp-json\/wp\/v2\/comments?post=22"}],"version-history":[{"count":30,"href":"http:\/\/iict-space.heig-vd.ch\/apu\/wp-json\/wp\/v2\/pages\/22\/revisions"}],"predecessor-version":[{"id":525,"href":"http:\/\/iict-space.heig-vd.ch\/apu\/wp-json\/wp\/v2\/pages\/22\/revisions\/525"}],"wp:attachment":[{"href":"http:\/\/iict-space.heig-vd.ch\/apu\/wp-json\/wp\/v2\/media?parent=22"}],"curies":[{"name":"wp","href":"https:\/\/api.w.org\/{rel}","templated":true}]}}