{"id":94,"date":"2015-11-24T13:33:19","date_gmt":"2015-11-24T13:33:19","guid":{"rendered":"http:\/\/iict-space.heig-vd.ch\/ape\/?page_id=94"},"modified":"2025-04-15T06:29:00","modified_gmt":"2025-04-15T06:29:00","slug":"lectures","status":"publish","type":"page","link":"http:\/\/iict-space.heig-vd.ch\/ape\/lectures\/","title":{"rendered":"Lectures"},"content":{"rendered":"<ul>\n<li><a href=\"https:\/\/www.youtube.com\/watch?v=BU6nSh2nJSA\">&#8220;IA Generativa: genialidad artificial o ilusi\u00f3n cognitiva&#8221;<\/a>, Hablemos de ciencia, ACIS, 12.4.2025<\/li>\n<li>&#8220;Inteligencia Artificial y desaf\u00edos ambientales&#8221;, Academia de Ciencias de Colombia, Feria del Libro de Bogot\u00e1, 22.4.2024<\/li>\n<li>&#8220;<a href=\"https:\/\/www.youtube.com\/watch?v=VXzd_ti7gg0\">La Inteligencia Artificial como navaja suiza para la resoluci\u00f3n de problemas<\/a>&#8220;, Hablemos de ciencia, ACIS, 13.4.2024<\/li>\n<li>&#8220;<a href=\"https:\/\/drive.switch.ch\/index.php\/s\/RXKFx1vGTEYv16S\">L&#8217;IA comme catalyseur de l&#8217;innovation: une nouvelle \u00e8re pour la r\u00e9solution de probl\u00e8mes<\/a>&#8220;, Forum Economique Nord Vaudois, Yverdon-les-Bains, 14.9.2023<\/li>\n<li>&#8220;<a href=\"https:\/\/drive.switch.ch\/index.php\/s\/lzSbQcc3it7xjwZ\">Intelligence Artificielle: innovation et dangers<\/a>&#8220;, Universit\u00e9 d&#8217;\u00e9t\u00e9 &#8220;Education \u00e0 l&#8217;IA&#8221;, Universit\u00e9 de Namur, Belgique, 28-30.8.19<\/li>\n<li>&#8220;<a href=\"https:\/\/drive.switch.ch\/index.php\/s\/6nY5bmg4R0mXTB2\">Intelligence Artificielle et Cr\u00e9ativit\u00e9<\/a>&#8220;, LUDOVIA 2019 conference, Yverdon, 16.4.2019.<\/li>\n<li>&#8220;<a href=\"https:\/\/drive.switch.ch\/index.php\/s\/2cMZmXFffo1Bwad\">Deep Learning for Intelligent Automation<\/a>&#8220;, Yverdon, 26.11.18<\/li>\n<li>&#8220;<a href=\"http:\/\/www.ylb.ch\/fileadmin\/templates\/conference\/_pdf\/03_InnovationSanteDurable_APU.pdf\">Innovation et sant\u00e9 durable connect\u00e9e<\/a>&#8220;, 2\u00e8me conf\u00e9rence Activit\u00e9 Physique &#8211; Innovation &#8211; Sant\u00e9, Yverdon, 8.11.18<\/li>\n<li>&#8220;<a href=\"https:\/\/drive.switch.ch\/index.php\/s\/JwK0h3nC8JloJ7h\">AI: point sur l&#8217;\u00e9tat actuel et le futur<\/a>&#8220;, Numerik Games, Conf\u00e9rences Pro 2018, 23.08.2018<\/li>\n<li>&#8220;Unleashing your athlete with AI&#8221;, the SPOT conference, Lausanne, May 15, 2018<\/li>\n<li>&#8220;<a href=\"https:\/\/drive.switch.ch\/index.php\/s\/rzscQ81n0It55Dt\">Quelles perspectives pour une \u00e9ducation dop\u00e9e par l&#8217;Intelligence Artificielle et la ludification ?<\/a>&#8220;, LUDOVIA conference, Yverdon, 27.3.2018.<\/li>\n<li>&#8220;<a href=\"https:\/\/drive.switch.ch\/index.php\/s\/zzV6TvmSFbrU8CB\">Intelligence Artificielle: quel avenir ?<\/a>&#8220;, Numerik Games, Yverdon, 25.8.2017.<\/li>\n<li>&#8220;<a href=\"https:\/\/dl.dropboxusercontent.com\/u\/27541085\/Lectures\/Actidote-Wearables-Health.pdf\" target=\"_blank\" rel=\"noopener\">A wireless sensor-based system for self-tracking activity levels among manual wheelchair users<\/a>&#8220;, EAI International Conference on Wearables in Healthcare, Budapest, June 14-15, 2016.<\/li>\n<li>&#8220;<a href=\"https:\/\/www.dropbox.com\/s\/zmtmtykqx4nnv6p\/SmartDAYS_HaslerWorkshop2015.pdf?dl=0\">Smart-DAYS: Smart Distributed ActivitY recognition Systems III<\/a>&#8220;, talk at the Hasler SmartWorld Workshop in Fribourg, Switzerland, November 2-3, 2015.<\/li>\n<li>&#8220;<a href=\"https:\/\/www.dropbox.com\/s\/hf2p9yi5ndysx0e\/democratization_activity_recognition.pptx.pdf?dl=0\">Vers une d\u00e9mocratisation de la reconnaissance d\u2019activit\u00e9s au service de personnes \u00e2g\u00e9es<\/a>&#8220;, talk at the French-Swiss InnovationForum &#8211; Silver Economy 2015, October 29, 2015.<\/li>\n<li>&#8220;<a href=\"https:\/\/www.dropbox.com\/s\/9jv9ygkkclluvjd\/Actidote-HEE.pdf?dl=0\">Actidote<\/a>&#8220;, talk at the Plateforme Ing\u00e9nierie-Sant\u00e9, CHUV, Lausanne, October 1, 2015.<\/li>\n<li>&#8220;<a href=\"https:\/\/www.dropbox.com\/s\/ccbf4bv8t4f1b0v\/SmartDAYS_HaslerWorkshop2014.pdf?dl=0\">Smart-DAYS: Smart Distributed ActivitY recognition Systems II<\/a>&#8220;, talk at the Hasler SmartWorld Workshop in Thun, Switzerland, June 18-19, 2014.<\/li>\n<li>&#8220;<a href=\"https:\/\/www.dropbox.com\/s\/zybw2fhulgullqu\/EmbeddedAI_humans_in_the_loop.pdf?dl=0\">Embedded AI with humans in the loop<\/a>&#8220;, invited Keynote at the 9th International Symposium on Reconfigurable Communication-centric Systems-on-chip ReCoSoc&#8217;2014, Montpellier, France, May 26, 2014.<\/li>\n<li>&#8220;<a href=\"https:\/\/www.dropbox.com\/s\/ewla5t6ftil4ghv\/ANNs_agriculture_print.pdf?dl=0\">Utilisation des r\u00e9seaux neuronaux dans la mod\u00e9lisation des syst\u00e8mes agricoles<\/a>&#8220;, keynote presentation at the Annual congress of the Swiss Soil Science Society, Changins, Switzerland, Feb 13, 2014.<\/li>\n<li>&#8220;<a href=\"https:\/\/www.dropbox.com\/s\/bg4r1g1apvb58yk\/Interact-ICT-ubiquitous.pdf?dl=0\">Novel interaction opportunities in an ICT-ubiquitous world<\/a>&#8220;, invited talk, Interaction Seminar, organized by the Pervasive and AI lab, University of Fribourg, Switzerland, May 24, 2013.<\/li>\n<li>&#8220;<a href=\"https:\/\/www.dropbox.com\/s\/wo3kiwj619gn1qp\/Terra-i_acis2013.pdf?dl=0\">Terra-i: an eye on habitat change<\/a>&#8220;, invited talk at the Associaci\u00f3n Colombiana de Investigadores en Suiza (ACIS), Lausanne, Switzerland, April 20, 2013.<\/li>\n<li>&#8220;<a href=\"https:\/\/www.dropbox.com\/s\/f6edjmfxsi5r8nj\/SmartDAYS_HaslerWorkshop2013.pdf?dl=0\">Smart-DAYS: Smart Distributed ActivitY recognition Systems<\/a>&#8220;, talk at the Hasler SmartWorld Workshop in Spiez, Switzerland, March 13-14, 2013.<\/li>\n<li>&#8220;<a href=\"https:\/\/www.dropbox.com\/s\/nvb0tnfosx1iyfg\/bioinspiration_autres_demons.pdf?dl=0\">De la bio-inspiration et autres d\u00e9mons<\/a>&#8220;, Keynote, S\u00e9minaire sur les Nouveaux paradigmes de traitement de l&#8217;information, organised by CNRS, CEA, OMNT, at CNRS Campus G\u00e9rard M\u00e9gie, Paris, France, February 19, 2013.<\/li>\n<li>&#8220;<a href=\"https:\/\/www.dropbox.com\/s\/n84fi2z9geo6rqu\/PerezUribe_HEIG-VD_CIAT_KFH2012.pdf?dl=0\">Revealing New Opportunities for Fruit growers in Colombia in a Collaborative Site- specific Agricultural Setup<\/a>&#8220;, The Annual KFH Information day on Development and Cooperation, P\u00e4dagogische Hochschule Z\u00fcrich (PHZH), Switzerland, 7 December 2012.<\/li>\n<li>&#8220;<a href=\"https:\/\/www.dropbox.com\/s\/e9w9d8mk29iozpx\/COCH-ACIS2012.pdf?dl=0\">Precision agriculture and the construction of field-crop models for tropical fruits<\/a>&#8220;, invited talk, 20 years of the Associaci\u00f3n Colombiana de Investigadores en Suiza (ACIS), EPFL, Switzerland, November 2-3, 2012.<\/li>\n<li>&#8220;<a href=\"https:\/\/www.dropbox.com\/s\/ii35fd7ovp6wi2g\/BioInspiredSystems_DataDeluge.pdf?dl=0\">Bio-inspired systems and the Data Deluge<\/a>&#8220;, Keynote given at the Groupement de Recherche (GdR) SOC-SIP national meeting, Paris, France, June 15, 2012.<\/li>\n<li>&#8220;<a href=\"https:\/\/www.dropbox.com\/s\/ehf0nd864ujvlys\/BioInsp_programmable_objects.pdf?dl=0\">Bio-inspired systems in a world of programmable objects<\/a>&#8220;, Keynote given at the Groupement de Recherche (GdR) SOC-SIP BarCamp, Fr\u00e9jus, France, June 30 &#8211; July 2, 2010.<\/li>\n<li>&#8220;<a href=\"https:\/\/www.dropbox.com\/s\/7qt42n36dp3j8of\/alife_brains_complexity.pdf?dl=0\">Artificial Life, Brains and Complexity<\/a>&#8221; as part of the &#8220;Connectivity&#8221; module organized by Prof. Henri Volken &amp; Prof.Olivier Jorand, Ecole doctorale en Neurosciences, University of Lausanne, Switzerland, June, 2009.<\/li>\n<li>&#8220;<a href=\"https:\/\/www.dropbox.com\/s\/nwrk3f3xu2y1xkl\/apprentissage_artificiel.pdf?dl=0\">Apprentissage artificiel et complexit\u00e9<\/a>&#8221; as part of the &#8220;Knowledge and Complexity&#8221; module organized by Prof. Henri Volken &amp; Prof.O. Jorand, Ecole doctorale en Neurosciences, University of Lausanne (with H.F. Satizabal), Switzerland, June, 2008.<\/li>\n<li>&#8220;<a href=\"https:\/\/www.dropbox.com\/s\/vnh397lvjykluu9\/pervasive_systems2007.pdf?dl=0\">Sistemas pervasivos al servicio de la humanidad<\/a>&#8220;, Invited talk at the Universidad del Valle and Universidad de Antioquia, Colombia, 2007.<\/li>\n<li>&#8220;<a href=\"https:\/\/www.dropbox.com\/s\/qjqpm4moibb74vl\/simulation-soc-sci.pdf?dl=0\">Mod\u00e8les et outils modernes de la simulation en sciences sociales<\/a>&#8221; as part of the &#8220;Complexit\u00e9 et simulation sociale&#8221; module organized by Prof. Henri Volken &amp; Prof.Olivier Jorand, Ecole doctorale en Psychologie Sociale, University of Geneva, Switzerland, January-February, 2007.<\/li>\n<li><a href=\"https:\/\/www.dropbox.com\/s\/c7mmdh3qka64srf\/swarm_course.pdf?dl=0\">Collective and Swarm Intelligence in Natural and Artificial Systems<\/a>, Bio-inspired Computing Machines course (Prof. D. Floreano), EPFL, Switzerland, 2002 and 2003<\/li>\n<\/ul>\n","protected":false},"excerpt":{"rendered":"<p>&#8220;IA Generativa: genialidad artificial o ilusi\u00f3n cognitiva&#8221;, Hablemos de ciencia, ACIS, 12.4.2025 &#8220;Inteligencia Artificial y desaf\u00edos ambientales&#8221;, Academia de Ciencias de Colombia, Feria del Libro de Bogot\u00e1, 22.4.2024 &#8220;La Inteligencia Artificial como navaja suiza para la resoluci\u00f3n de problemas&#8220;, Hablemos <a class=\"more-link\" href=\"http:\/\/iict-space.heig-vd.ch\/ape\/lectures\/\">Continue reading <span class=\"screen-reader-text\">  Lectures<\/span><span class=\"meta-nav\">&rarr;<\/span><\/a><\/p>\n","protected":false},"author":10,"featured_media":0,"parent":0,"menu_order":0,"comment_status":"closed","ping_status":"closed","template":"","meta":[],"_links":{"self":[{"href":"http:\/\/iict-space.heig-vd.ch\/ape\/wp-json\/wp\/v2\/pages\/94"}],"collection":[{"href":"http:\/\/iict-space.heig-vd.ch\/ape\/wp-json\/wp\/v2\/pages"}],"about":[{"href":"http:\/\/iict-space.heig-vd.ch\/ape\/wp-json\/wp\/v2\/types\/page"}],"author":[{"embeddable":true,"href":"http:\/\/iict-space.heig-vd.ch\/ape\/wp-json\/wp\/v2\/users\/10"}],"replies":[{"embeddable":true,"href":"http:\/\/iict-space.heig-vd.ch\/ape\/wp-json\/wp\/v2\/comments?post=94"}],"version-history":[{"count":20,"href":"http:\/\/iict-space.heig-vd.ch\/ape\/wp-json\/wp\/v2\/pages\/94\/revisions"}],"predecessor-version":[{"id":708,"href":"http:\/\/iict-space.heig-vd.ch\/ape\/wp-json\/wp\/v2\/pages\/94\/revisions\/708"}],"wp:attachment":[{"href":"http:\/\/iict-space.heig-vd.ch\/ape\/wp-json\/wp\/v2\/media?parent=94"}],"curies":[{"name":"wp","href":"https:\/\/api.w.org\/{rel}","templated":true}]}}