{"id":82,"date":"2015-11-24T13:02:32","date_gmt":"2015-11-24T13:02:32","guid":{"rendered":"http:\/\/iict-space.heig-vd.ch\/ape\/?page_id=82"},"modified":"2017-07-03T09:32:27","modified_gmt":"2017-07-03T09:32:27","slug":"exhibitions","status":"publish","type":"page","link":"http:\/\/iict-space.heig-vd.ch\/ape\/exhibitions\/","title":{"rendered":"Exhibitions"},"content":{"rendered":"<p><b>On-stand demonstrations in\u00a0museums, festivals and conferences<\/b><\/p>\n<ul>\n<li><strong>&#8220;Animated sandbox and other fun designs&#8221;<\/strong>, 2nd Gamification \u00a0and Serious Game Symposium, Neuch\u00e2tel, Switzerland, June 30-July 1, 2017.<\/li>\n<li><strong>&#8220;Corps-concept&#8221;<\/strong>, Virtual X-Rays interactive demo, Maison d&#8217;Ailleurs,\u00a021.05.2017 \u2013 19.11.2017.<\/li>\n<li><strong>&#8220;Numerik Games&#8221;<\/strong>, interactive demonstrators: &#8220;Mon ordinateur, an artiste \u00e0 domicile&#8221;, &#8220;Bac \u00e0 sable \u00e0 r\u00e9alit\u00e9 augment\u00e9&#8221;, &#8220;Devine ce que Nao mime&#8221;, &#8220;Forest Defenders arcade console game&#8221;, Yverdon-les-Bains, September 2-4, 2016.<\/li>\n<li><strong>&#8220;Portrait-robot&#8221;<\/strong>, interactive demonstrators: &#8220;Robot cognitif&#8221; (Nao), &#8220;Robot bio-inspir\u00e9&#8221; (Hexapode), &#8220;Colonie de robots dansants&#8221; (Elisa-3), &#8220;Drone compagnon&#8221;, Maison d&#8217;Ailleurs, June 2015 &#8211; January 2016.<\/li>\n<li>&#8220;<strong>Actidote: Activity as an antidote to illness exacerbation among disabled people&#8221;<\/strong>, 13th International Conference On Smart homes and health Telematics, Geneva, 10.6-12.6, 2015<\/li>\n<li><b>Exhibition de la table de t\u00e9l\u00e9kin\u00e9sie<\/b>, Salon du livre de Gen\u00e8ve, stand Editions l&#8217;Age d&#8217;Homme, 29.4 &#8211; 3.5, 2015<\/li>\n<li><b>&#8220;Stalker: exp\u00e9rimenter la zone&#8221;<\/b>, interactive devices (&#8220;chien noir&#8221;, &#8220;table de t\u00e9l\u00e9kin\u00e9sie&#8221; and &#8220;puits sans fonds&#8221;), Maison d&#8217;Ailleurs, Mus\u00e9e de la science-fiction, Yverdon-les-Bains, September 15, 2013 &#8211; March 2, 2014.<\/li>\n<li><b>&#8220;Vernissage Souvernirs du Futur&#8221;<\/b>, continuous demonstrations of drones and robots, Maison d&#8217;Ailleurs, Mus\u00e9e de la science-fiction, Yverdon-les-Bains, Mars 2, 2013.<\/li>\n<li><b>&#8220;The PharMEA Platform: A High Throughput Data Acquisition Instrument Integrating Real-Time Data Analysis, Data Reduction, and Wellplate-Format Microelectrode Arrays&#8221;<\/b>, MEA 2012 Conference, Reutlingen, July 2012.<\/li>\n<li><b>&#8220;The Perplexus bioinspired platform&#8221;<\/b>\u00a0Exhibition, Part of the &#8220;Grid and pervasive computing Conference&#8221;, Geneva, May 2009.<\/li>\n<li><b>&#8220;Ubidules@Home&#8221;<\/b>\u00a0Exhibition Part of the &#8220;Science beyond fiction&#8221; Conference Organized by the European Comission, Prague, April 2009.<\/li>\n<\/ul>\n","protected":false},"excerpt":{"rendered":"<p>On-stand demonstrations in\u00a0museums, festivals and conferences &#8220;Animated sandbox and other fun designs&#8221;, 2nd Gamification \u00a0and Serious Game Symposium, Neuch\u00e2tel, Switzerland, June 30-July 1, 2017. &#8220;Corps-concept&#8221;, Virtual X-Rays interactive demo, Maison d&#8217;Ailleurs,\u00a021.05.2017 \u2013 19.11.2017. &#8220;Numerik Games&#8221;, interactive demonstrators: &#8220;Mon ordinateur, an <a class=\"more-link\" href=\"http:\/\/iict-space.heig-vd.ch\/ape\/exhibitions\/\">Continue reading <span class=\"screen-reader-text\">  Exhibitions<\/span><span class=\"meta-nav\">&rarr;<\/span><\/a><\/p>\n","protected":false},"author":10,"featured_media":0,"parent":0,"menu_order":0,"comment_status":"closed","ping_status":"closed","template":"","meta":[],"_links":{"self":[{"href":"http:\/\/iict-space.heig-vd.ch\/ape\/wp-json\/wp\/v2\/pages\/82"}],"collection":[{"href":"http:\/\/iict-space.heig-vd.ch\/ape\/wp-json\/wp\/v2\/pages"}],"about":[{"href":"http:\/\/iict-space.heig-vd.ch\/ape\/wp-json\/wp\/v2\/types\/page"}],"author":[{"embeddable":true,"href":"http:\/\/iict-space.heig-vd.ch\/ape\/wp-json\/wp\/v2\/users\/10"}],"replies":[{"embeddable":true,"href":"http:\/\/iict-space.heig-vd.ch\/ape\/wp-json\/wp\/v2\/comments?post=82"}],"version-history":[{"count":8,"href":"http:\/\/iict-space.heig-vd.ch\/ape\/wp-json\/wp\/v2\/pages\/82\/revisions"}],"predecessor-version":[{"id":417,"href":"http:\/\/iict-space.heig-vd.ch\/ape\/wp-json\/wp\/v2\/pages\/82\/revisions\/417"}],"wp:attachment":[{"href":"http:\/\/iict-space.heig-vd.ch\/ape\/wp-json\/wp\/v2\/media?parent=82"}],"curies":[{"name":"wp","href":"https:\/\/api.w.org\/{rel}","templated":true}]}}