{"id":75,"date":"2015-11-24T12:49:20","date_gmt":"2015-11-24T12:49:20","guid":{"rendered":"http:\/\/iict-space.heig-vd.ch\/ape\/?page_id=75"},"modified":"2025-04-15T08:19:15","modified_gmt":"2025-04-15T08:19:15","slug":"media","status":"publish","type":"page","link":"http:\/\/iict-space.heig-vd.ch\/ape\/media\/","title":{"rendered":"Press"},"content":{"rendered":"<p>Newspapers, magazines, newsletters, books, websites and radio programs having reported on our research projects<\/p>\n<ul>\n<li>La R\u00e9gion Nord Vaudois, &#8220;Nos rivi\u00e8res en danger&#8221;, La chronique de la HEIG-VD, A. Perez-Uribe, 26.2.2025<\/li>\n<li>La R\u00e9gion Nord Vaudois, &#8220;Le paradoxe de l&#8217;intelligence Artificielle&#8221;, Andreia Portinha Saraiva, 31.10.2023<\/li>\n<li>L&#8217;omnibus, Journal de la r\u00e9gion d&#8217;0rbe, &#8220;L&#8217;intelligence artificielle au coeur des d\u00e9bats&#8221;, 22.09.2023<\/li>\n<li>Hospitality insights by EHL, &#8220;Meet Pepper: The Humanoid Robot Concierge&#8221;,\u00a0https:\/\/hospitalityinsights.ehl.edu\/robots-hospitality-industry, 7.2019<\/li>\n<li>republic-of-innovation.ch, &#8220;Monitorer l\u2019activit\u00e9 humaine gr\u00e2ce aux images du ciel, c\u2019est \u00e0 la HEIG-VD que \u00e7a se r\u00e9alise&#8221;, 23.05.2019<\/li>\n<li>Thinksport.org, Latest news &amp; views, \u00ab\u00a0UEFA Start-Up Challenge off to a successful debut\u00a0\u00bb, 25.3.2019<\/li>\n<li>La R\u00e9gion Nord Vaudois, &#8220;L&#8217;intelligence artificielle: mythes et r\u00e9alit\u00e9s&#8221;, \u00a0A. Perez-Uribe, 15.1.2019<\/li>\n<li>Hospitality insights by EHL, &#8220;Testing Guest Interactions with Robots&#8221;, 18.12.2018<\/li>\n<li>Largeur.com, &#8220;Data scientist: le m\u00e9tier du si\u00e8cle&#8221;,\u00a0St\u00e9phanie de Roguin, 11.10.2018<\/li>\n<li>RSI (Radiotelevisione svizzera), &#8220;Il cyber-coach&#8221;, Il giardino di Albert, 6:42-9:24,10.9.2018<\/li>\n<li>24 Heures, &#8220;Le robot Pepper a fait office d\u2019insolite ma\u00eetre de c\u00e9r\u00e9monie \u00e0 la R\u00e9ception du nouveau Pr\u00e9sident du Grand Conseil&#8221;, 05.9.2018<\/li>\n<li>PME Magazine, &#8220;Data scientist, le m\u00e9tier le plus sexy du XXle si\u00e8cle&#8221;, St\u00e9phanie de Roguin, 01.9.2018, pp. 64-<\/li>\n<li>RTS Un, T\u00e9l\u00e9journal 19:30, &#8220;Innovation: nouveau carrefour pour les chercheurs et les patrons&#8221;, 19.5.2018<\/li>\n<li>PME Magazine, &#8220;Actidote: le fitbit du fauteuil roulant&#8221;, dans &#8220;Ces p\u00e9pites vous attendent dans les labos&#8221;, Pia d&#8217;Illiers, 25.4.2018, p.24<\/li>\n<li>Centre Patronal (Facebook), &#8220;Intelligence Artificielle: Mythes et r\u00e9alit\u00e9s&#8221;,\u00a0Conf\u00e9rences &#8220;Pro&#8221; du festival Numerik Games, &gt; 3500 views, 22.8.2017<\/li>\n<li>Hemispheres, &#8220;Measurer l&#8217;activit\u00e9 physique chez les handicap\u00e9s&#8221;, 2016, p.99<\/li>\n<li>Bolet\u00edn Facultad de ingenieria, &#8220;EvoBoids: Algoritmos de cooperaci\u00f3n y adaptaci\u00f3n para un enjambre de agentes virtuales&#8221;, Universidad Autonoma de Occidente, Cali, Colombia, 11.11.2016<\/li>\n<li>Univalle Estereo (radio), &#8220;Egresado de Ingenier\u00eda recibe premio de investigaci\u00f3n&#8221;, Universidad del Valle, Cali, Colombia, 31.10.2016<\/li>\n<li>Dalle Molle Foundation website, Quality of Life Prize 2016 winners, 10.2016<\/li>\n<li>RTS Info reportage, &#8220;En Suisse, le projet Terra-i&#8221;, Une semaine au chevet de la foret de Borneo,\u00a0C\u00e9cile Rais, 26.9.2016<\/li>\n<li>Global Forest Watch blog, &#8220;Terra-i expansion fills important gap in near real-time forest monitoring&#8221;,\u00a0Mikaela Weisse, 21.9.2016<\/li>\n<li>Tribun Pontianak, Indonesia, &#8220;They create a\u00a0game to protect the forest&#8221;, by Dian Lestari, 17.6.2016<\/li>\n<li>Tribun Pontianak, Indonesia, &#8220;Forest Data Updated Every 16 Days&#8221;, by Dian Lestari, 17.6.2016<\/li>\n<li>TF1, France, T\u00e9l\u00e9journal 13:00, Innorobo, 24.5.2016<\/li>\n<li>La Gruy\u00e8re, &#8220;Le soutien de la technologie pour vieillir \u00e0 la maison&#8221;, Xavier Schaller, 3.11.2015, p. 9<\/li>\n<li>Le Temps, &#8220;L&#8217;\u00e9conomie de seniors se transforme en \u00e9conomie connect\u00e9e&#8221;, Willy Boder, 30.10.2015, p. 18<\/li>\n<li>Canal Alpha, MiniMag, &#8220;Yverdon-les-Bains capitalise sur l\u2019innovation et la technologie&#8221;, 22.9.2015, 3:40-5:10<\/li>\n<li>L&#8217;Hebdo, &#8220;Ces bons vieux robots&#8221;, L. Debraine, 9.7.2015<\/li>\n<li>RTS la premi\u00e8re, CQFD, &#8220;Un monde de robots&#8221;, S. Dirren 7.7.2015<\/li>\n<li>RTS Info, T\u00e9l\u00e9journal 19:30, Pr\u00e9sent\u00e9 par Darius Rochebin, 23.6.2015<\/li>\n<li>La C\u00f4te, &#8220;Les robots s&#8217;exhibent \u00e0 la Maison d&#8217;Ailleurs \u00e0 Yverdon&#8221;, 18.6.2015<\/li>\n<li>Le Matin Dimanche, &#8220;Des robots pour vendre l&#8217;ing\u00e9nierie aux jeunes&#8221;, by I. Radja, 24.05.2015, p.30<\/li>\n<li>La R\u00e9gion Nord vaudois, &#8220;Des d\u00e9put\u00e9s en visite \u00e0 l&#8217;HEIG-VD: un robot en ambassadeur&#8221; , 1.5.2015<\/li>\n<li>&#8220;Ph\u00e9nom\u00e8ne Stalker&#8221;, ouvrage collectif dirig\u00e9 par Alexandrea Kaourova et Eug\u00e8ne, 04.2015, pp. 176-<\/li>\n<li>La T\u00e9l\u00e9, La HEIG-VD plonge le visiteur dans l&#8217;univers de la robotique, 20.3.2015<\/li>\n<li>Newsletter HEIG-VD, Syst\u00e8mes bio-inspir\u00e9s et robotique, 5.3.2015<\/li>\n<li>La recherche de l&#8217;administration f\u00e9d\u00e9rale (Fact Sheets Ressortforschung des Bundes 2013), Success story &#8220;Les fruits de l&#8217;Informatique&#8221;, p.7, http:\/\/www.ressortforschung.admin.ch, 2014<\/li>\n<li>King&#8217;s College London, Talks &amp; Events, &#8220;Midsummer Water Day: Dr. Mark Mulligan will demonstrate Forest Defenders which educates players about deforestation&#8221;, 13.06.2014<\/li>\n<li>H\u00e9misph\u00e8res, La revue Suisse de la recherche et de ses applications, &#8220;Quand la technologie aide les d\u00e9munis&#8221;, by Thomas Pfefferl\u00e9, 06.2014<\/li>\n<li>Terra-i News &amp; events, &#8220;Participatory meeting to save forests and share Big Data concepts&#8221;, 20.6.2014<\/li>\n<li>Terra-i News &amp; Events, &#8220;Forest Defenders: Have fun while fighting deforestation&#8221;, 26.3.2014<\/li>\n<li>24 heures, &#8220;Un institut partenaire des industries&#8221;, 11.2.2014, p.26<\/li>\n<li>ICTjournal, &#8220;Plong\u00e9e interactive dans la Zone de \u00abStalker\u00bb \u00e0 la Maison d&#8217;Ailleurs&#8221;, by Y. Chavanne, 27.1.2014<\/li>\n<li>Le Courrier, &#8220;Bienvenue dans la Zone&#8221;, 14.9.2013<\/li>\n<li>La Libert\u00e9, &#8220;Dans la Zone avec le Stalker&#8221;, 14.9.2013<\/li>\n<li>Le Temps, &#8220;Au fond de la Zone, la lumi\u00e8re jaillira&#8221;, 14.9.2013<\/li>\n<li>24 Heures, &#8220;La Maison d&#8217;Ailleurs plonge dans le myst\u00e8re de Stalker&#8221;, 11.09.2013<\/li>\n<li>La R\u00e9gion Nord Vaudois, &#8220;La Maison d&#8217;Ailleurs sort de ses murs&#8221;, 6.03.2013<\/li>\n<li>Shimmer Research Newsletter, &#8220;Unlocking the potential of gesture recognition: Using inertial sensors to make devices more accessible&#8221;, 8.11.2012<\/li>\n<li>Le Temps, &#8220;D&#8217;un clic, et en temps r\u00e9el, observer la r\u00e9gression des for\u00eats&#8221;, 17.8.2012, p1 &amp; p10<\/li>\n<li>La R\u00e9gion Nord Vaudois, &#8220;La HEIG-VD traque la d\u00e9forestation&#8221;, 23.07.2012<\/li>\n<li>24 heures, &#8220;La HEIG-VD innove pour r\u00e9duire la d\u00e9forestation&#8221;, 11.07.2012<\/li>\n<li>20 minutes Lausanne &amp; Geneva, &#8220;La d\u00e9forestation suivie \u00e0 la loupe&#8221;, 11.07.2012<\/li>\n<li>New York Times (blog), &#8220;A New Satellite Tool Tracks Deforestation&#8221;, Rachel Nuwer, 25.6.2012<\/li>\n<li>Wired.co.uk, &#8220;Terra-i tracks deforestation across Latin America in near real-time&#8221;, Olivia Solon, 21.6.2012<\/li>\n<li>Ars technica, &#8220;Terra-i: the most precise real-time deforestation tracker yet&#8221;, Curt Hopkins, 20.6.2012<\/li>\n<li>HEIG-VD Rapport d&#8217;activit\u00e9 2011, &#8220;Smart-DAYS: Un projet d&#8217;aide aux personnes \u00e2g\u00e9es&#8221;, 2012<\/li>\n<li>DrDobbs.com &amp; ScienceDaily, &#8220;Bio-inspired computer networks self-organise&#8221;, 15.04.2010<\/li>\n<li>EngineersEDGE.com, &#8220;Bio-inspired computer networks self-organise and learn&#8221;, 01.03.2010<\/li>\n<li>Cordis.europa.eu &amp; physorg.com, &#8220;Bio-inspired computer networks self-organise and learn&#8221;, 26.02.2010<\/li>\n<li>24 heures &amp; Tribune de Gen\u00e8ve, &#8220;Inspir\u00e9s du cerveau, les circuits deviennent plus intelligents&#8221;, Emmanuel Barraud, 14.05.2010<\/li>\n<li>HEIG-VD Newsletter, &#8220;Prague du 21 au 23 avril conf\u00e9rence &#8220;Science beyond fiction&#8221;, p8, may, 2009<\/li>\n<li>HEIG-VD Newsletter, &#8220;Nouveau projet europ\u00e9en pour la HEIG-VD&#8221;, p9, 15.10.2008<\/li>\n<li>20 minutes, &#8220;Des \u00e9tudiants d\u00e9couvrent l&#8217;intelligence artificielle en programmant des petits robots, p3, 23.07.2008<\/li>\n<li>RSR &#8211; La premi\u00e8re &#8211; La Science de Pain, &#8220;Hit ou non hit&#8221;, 08.07.2008<\/li>\n<li>RSR &#8211; La Premi\u00e8re &#8211; R\u00e9vue de presse, 16.06.2008<\/li>\n<li>24 heures, &#8220;Le succ\u00e8s d&#8217;un &#8220;tube&#8221; ne doit rien au hasard&#8221;, p20, 16.06.2008<\/li>\n<li>La Libert\u00e9, &#8220;De quoi causent les robots ?&#8221;, p27, 30.01.2008<\/li>\n<li>Euresearch website, &#8220;PERPLEXUS &#8211; an FP6 project coordinated by University of Applied Sciences of Western Switzerland (HES-SO Yverdon)&#8221;, 05.2007<\/li>\n<li>Alliance actions, &#8220;COCH: Mod\u00e9lisation de productivit\u00e9 agricole&#8221;, 30.04.2007<\/li>\n<li>24 heures, &#8220;Recherche eurp\u00e9enne men\u00e9e par la HEIG-VD&#8221;, 07.09.2006<\/li>\n<li>HEIG-VD Newsletter, &#8220;La HEIG-VD sera cette ann\u00e9e, pour la premi\u00e8re fois de son histoire, coordinatrice d&#8217;un projet de recherche europe\u00e9n&#8221;, 04.05.2006<\/li>\n<li>24 heures, &#8220;Des chercheurs de l&#8217;EIVD misent sur la disparition de l&#8217;ordinateur&#8221;, p26, 12.04.2005<\/li>\n<li>France 5\/Arte &#8211; Discovery Networks Intl. &#8220;Fourmis carnivores&#8221; (avec L. Keller), 2004<\/li>\n<li>IEEE CoNNectionS: The Newsletter of the IEEE Neural Networks Society, Fasti featured on the first page, Vol 1, No 2, May 2003.<\/li>\n<li>Panorama Magazine, &#8220;Robot, ora si evolnono&#8221;, p186, 10.04.2003<\/li>\n<li>ECHO Magazine, &#8220;Des robots pour simuler une fourmilli\u00e8re&#8221;, p18-19, 12.12.2002<\/li>\n<li>La Libert\u00e9, &#8220;Singes et abeilles \u00e0 Fribourg&#8221;, 31.08.2000<\/li>\n<li>La Libert\u00e9, &#8220;Fini le gavage informatique: les robots sont autodidactes&#8221;, 25.02.2000<\/li>\n<\/ul>\n<p align=\"right\"><i>April, 2025<\/i><\/p>\n\n\n<p><\/p>\n","protected":false},"excerpt":{"rendered":"<p>Newspapers, magazines, newsletters, books, websites and radio programs having reported on our research projects La R\u00e9gion Nord Vaudois, &#8220;Nos rivi\u00e8res en danger&#8221;, La chronique de la HEIG-VD, A. Perez-Uribe, 26.2.2025 La R\u00e9gion Nord Vaudois, &#8220;Le paradoxe de l&#8217;intelligence Artificielle&#8221;, Andreia <a class=\"more-link\" href=\"http:\/\/iict-space.heig-vd.ch\/ape\/media\/\">Continue reading <span class=\"screen-reader-text\">  Press<\/span><span class=\"meta-nav\">&rarr;<\/span><\/a><\/p>\n","protected":false},"author":10,"featured_media":0,"parent":0,"menu_order":0,"comment_status":"closed","ping_status":"closed","template":"","meta":[],"_links":{"self":[{"href":"http:\/\/iict-space.heig-vd.ch\/ape\/wp-json\/wp\/v2\/pages\/75"}],"collection":[{"href":"http:\/\/iict-space.heig-vd.ch\/ape\/wp-json\/wp\/v2\/pages"}],"about":[{"href":"http:\/\/iict-space.heig-vd.ch\/ape\/wp-json\/wp\/v2\/types\/page"}],"author":[{"embeddable":true,"href":"http:\/\/iict-space.heig-vd.ch\/ape\/wp-json\/wp\/v2\/users\/10"}],"replies":[{"embeddable":true,"href":"http:\/\/iict-space.heig-vd.ch\/ape\/wp-json\/wp\/v2\/comments?post=75"}],"version-history":[{"count":36,"href":"http:\/\/iict-space.heig-vd.ch\/ape\/wp-json\/wp\/v2\/pages\/75\/revisions"}],"predecessor-version":[{"id":713,"href":"http:\/\/iict-space.heig-vd.ch\/ape\/wp-json\/wp\/v2\/pages\/75\/revisions\/713"}],"wp:attachment":[{"href":"http:\/\/iict-space.heig-vd.ch\/ape\/wp-json\/wp\/v2\/media?parent=75"}],"curies":[{"name":"wp","href":"https:\/\/api.w.org\/{rel}","templated":true}]}}