{"id":117,"date":"2015-11-25T10:19:05","date_gmt":"2015-11-25T10:19:05","guid":{"rendered":"http:\/\/iict-space.heig-vd.ch\/ape\/?page_id=117"},"modified":"2022-10-28T08:55:40","modified_gmt":"2022-10-28T08:55:40","slug":"gallery","status":"publish","type":"page","link":"http:\/\/iict-space.heig-vd.ch\/ape\/gallery\/","title":{"rendered":"Gallery"},"content":{"rendered":"<p><strong>Numerik Games 2016<\/strong><\/p>\n<p><iframe loading=\"lazy\" title=\"Intelligent Data Analysis Group demos @ Numerik Games 2016\" width=\"530\" height=\"298\" src=\"https:\/\/www.youtube.com\/embed\/NrFG2n6iaJg?feature=oembed\" frameborder=\"0\" allow=\"accelerometer; autoplay; clipboard-write; encrypted-media; gyroscope; picture-in-picture\" allowfullscreen><\/iframe><\/p>\n<p><strong>Forest Defenders game<\/strong><\/p>\n<p><iframe loading=\"lazy\" title=\"ForestDefenders\" width=\"530\" height=\"398\" src=\"https:\/\/www.youtube.com\/embed\/3GW2VoauwDI?feature=oembed\" frameborder=\"0\" allow=\"accelerometer; autoplay; clipboard-write; encrypted-media; gyroscope; picture-in-picture\" allowfullscreen><\/iframe><\/p>\n<p><strong>Gesture recognition of a drone<\/strong><\/p>\n<p><iframe loading=\"lazy\" title=\"Gesture control of a quadcopter\" width=\"530\" height=\"398\" src=\"https:\/\/www.youtube.com\/embed\/dClxYuMmi4s?feature=oembed\" frameborder=\"0\" allow=\"accelerometer; autoplay; clipboard-write; encrypted-media; gyroscope; picture-in-picture\" allowfullscreen><\/iframe><\/p>\n<p><strong>Colony of Elisa-3 robots at Science-fiction\u00a0museum Maison d&#8217;Ailleurs<\/strong><\/p>\n<p><iframe loading=\"lazy\" title=\"Portrait Robot Elisa 3\" width=\"530\" height=\"298\" src=\"https:\/\/www.youtube.com\/embed\/ZX9SI4docpo?feature=oembed\" frameborder=\"0\" allow=\"accelerometer; autoplay; clipboard-write; encrypted-media; gyroscope; picture-in-picture\" allowfullscreen><\/iframe><\/p>\n<p><strong>Thymio et\u00a0<\/strong><b>Perplexus: projet Thool<\/b><\/p>\n<p><iframe loading=\"lazy\" title=\"Thymio et Perplexus, projet Thool\" width=\"530\" height=\"298\" src=\"https:\/\/www.youtube.com\/embed\/9fEnkbU5PqM?feature=oembed\" frameborder=\"0\" allow=\"accelerometer; autoplay; clipboard-write; encrypted-media; gyroscope; picture-in-picture\" allowfullscreen><\/iframe><\/p>\n<p><strong>Nao meets Ironman at the HEIG-VD<\/strong><\/p>\n<p><iframe loading=\"lazy\" title=\"NAO et Iron Man\" width=\"530\" height=\"298\" src=\"https:\/\/www.youtube.com\/embed\/OoyVucnvM7M?feature=oembed\" frameborder=\"0\" allow=\"accelerometer; autoplay; clipboard-write; encrypted-media; gyroscope; picture-in-picture\" allowfullscreen><\/iframe><\/p>\n<p><strong>Stalker exhibition: le chien errant<\/strong><\/p>\n<p><a href=\"http:\/\/iict-space.heig-vd.ch\/ape\/wp-content\/uploads\/sites\/16\/2015\/11\/chien_noir.jpg\"><img decoding=\"async\" class=\"alignnone size-medium wp-image-130\" src=\"http:\/\/iict-space.heig-vd.ch\/ape\/wp-content\/uploads\/sites\/16\/2015\/11\/chien_noir-300x169.jpg\" alt=\"chien_noir\" width=\"500\" srcset=\"http:\/\/iict-space.heig-vd.ch\/ape\/wp-content\/uploads\/sites\/16\/2015\/11\/chien_noir-300x169.jpg 300w, http:\/\/iict-space.heig-vd.ch\/ape\/wp-content\/uploads\/sites\/16\/2015\/11\/chien_noir-1024x575.jpg 1024w\" sizes=\"(max-width: 300px) 100vw, 300px\" \/><\/a><\/p>\n<p><strong>Stalker exhibition: la table de t\u00e9l\u00e9kin\u00e9sie<\/strong><\/p>\n<p><a href=\"http:\/\/iict-space.heig-vd.ch\/ape\/wp-content\/uploads\/sites\/16\/2015\/11\/IMG_2185.jpg\"><img decoding=\"async\" class=\"alignnone size-medium wp-image-128\" src=\"http:\/\/iict-space.heig-vd.ch\/ape\/wp-content\/uploads\/sites\/16\/2015\/11\/IMG_2185-300x225.jpg\" alt=\"IMG_2185\" width=\"500\" srcset=\"http:\/\/iict-space.heig-vd.ch\/ape\/wp-content\/uploads\/sites\/16\/2015\/11\/IMG_2185-300x225.jpg 300w, http:\/\/iict-space.heig-vd.ch\/ape\/wp-content\/uploads\/sites\/16\/2015\/11\/IMG_2185.jpg 1024w\" sizes=\"(max-width: 300px) 100vw, 300px\" \/><\/a><\/p>\n","protected":false},"excerpt":{"rendered":"<p>Numerik Games 2016 Forest Defenders game Gesture recognition of a drone Colony of Elisa-3 robots at Science-fiction\u00a0museum Maison d&#8217;Ailleurs Thymio et\u00a0Perplexus: projet Thool Nao meets Ironman at the HEIG-VD Stalker exhibition: le chien errant Stalker exhibition: la table de t\u00e9l\u00e9kin\u00e9sie<\/p>\n","protected":false},"author":10,"featured_media":0,"parent":0,"menu_order":0,"comment_status":"closed","ping_status":"closed","template":"","meta":[],"_links":{"self":[{"href":"http:\/\/iict-space.heig-vd.ch\/ape\/wp-json\/wp\/v2\/pages\/117"}],"collection":[{"href":"http:\/\/iict-space.heig-vd.ch\/ape\/wp-json\/wp\/v2\/pages"}],"about":[{"href":"http:\/\/iict-space.heig-vd.ch\/ape\/wp-json\/wp\/v2\/types\/page"}],"author":[{"embeddable":true,"href":"http:\/\/iict-space.heig-vd.ch\/ape\/wp-json\/wp\/v2\/users\/10"}],"replies":[{"embeddable":true,"href":"http:\/\/iict-space.heig-vd.ch\/ape\/wp-json\/wp\/v2\/comments?post=117"}],"version-history":[{"count":10,"href":"http:\/\/iict-space.heig-vd.ch\/ape\/wp-json\/wp\/v2\/pages\/117\/revisions"}],"predecessor-version":[{"id":601,"href":"http:\/\/iict-space.heig-vd.ch\/ape\/wp-json\/wp\/v2\/pages\/117\/revisions\/601"}],"wp:attachment":[{"href":"http:\/\/iict-space.heig-vd.ch\/ape\/wp-json\/wp\/v2\/media?parent=117"}],"curies":[{"name":"wp","href":"https:\/\/api.w.org\/{rel}","templated":true}]}}